{"id":864,"date":"2024-01-30T02:10:50","date_gmt":"2024-01-30T01:10:50","guid":{"rendered":"https:\/\/donvps2.bluecosmos.digital\/mayoreo\/?post_type=product&#038;p=864"},"modified":"2024-02-01T03:32:59","modified_gmt":"2024-02-01T02:32:59","slug":"paquete-plata","status":"publish","type":"product","link":"https:\/\/donvps2.bluecosmos.digital\/mayoreo\/product\/paquete-plata\/","title":{"rendered":"Paquete Plata"},"content":{"rendered":"","protected":false},"excerpt":{"rendered":"<p>ENV\u00cdO GRATIS<\/p>\n<p>\u00bfQU\u00c9 INCLUYE?<br \/>\n-6 WONDER PRO MAX<br \/>\n-6 WONDER PLUS<br \/>\n-6 IPLAY MAX<\/p>\n<p>VENTAS TOTALES APROXIMADAS: $5,220 MXN<br \/>\nGANANCIA APROXIMADA: $2,720 MXN<\/p>\n<p>El Paquete Plata de Don Vapes es ideal para iniciar en el negocio de venta de vapes gracias a su excelente relaci\u00f3n calidad-precio y por incluir piezas muy demandadas en el mercado. Contiene 6 unidades de WONDER PRO MAX, 6 de WONDER PLUS y 6 de IPLAY MAX, con ventas estimadas de $5,220 MXN y ganancias aproximadas de $2,720. La recuperaci\u00f3n de la inversi\u00f3n es r\u00e1pida, convirti\u00e9ndolo en una opci\u00f3n estrat\u00e9gica para ingresar al negocio de dispositivos de vapeo.<\/p>\n","protected":false},"featured_media":865,"comment_status":"open","ping_status":"closed","template":"","meta":{"site-sidebar-layout":"default","site-content-layout":"","ast-site-content-layout":"default","site-content-style":"default","site-sidebar-style":"default","ast-global-header-display":"","ast-banner-title-visibility":"","ast-main-header-display":"","ast-hfb-above-header-display":"","ast-hfb-below-header-display":"","ast-hfb-mobile-header-display":"","site-post-title":"","ast-breadcrumbs-content":"","ast-featured-img":"","footer-sml-layout":"","theme-transparent-header-meta":"default","adv-header-id-meta":"","stick-header-meta":"","header-above-stick-meta":"","header-main-stick-meta":"","header-below-stick-meta":"","astra-migrate-meta-layouts":"set","ast-page-background-enabled":"default","ast-page-background-meta":{"desktop":{"background-color":"var(--ast-global-color-4)","background-image":"","background-repeat":"repeat","background-position":"center center","background-size":"auto","background-attachment":"scroll","background-type":"","background-media":"","overlay-type":"","overlay-color":"","overlay-gradient":""},"tablet":{"background-color":"","background-image":"","background-repeat":"repeat","background-position":"center center","background-size":"auto","background-attachment":"scroll","background-type":"","background-media":"","overlay-type":"","overlay-color":"","overlay-gradient":""},"mobile":{"background-color":"","background-image":"","background-repeat":"repeat","background-position":"center center","background-size":"auto","background-attachment":"scroll","background-type":"","background-media":"","overlay-type":"","overlay-color":"","overlay-gradient":""}},"ast-content-background-meta":{"desktop":{"background-color":"var(--ast-global-color-5)","background-image":"","background-repeat":"repeat","background-position":"center center","background-size":"auto","background-attachment":"scroll","background-type":"","background-media":"","overlay-type":"","overlay-color":"","overlay-gradient":""},"tablet":{"background-color":"var(--ast-global-color-5)","background-image":"","background-repeat":"repeat","background-position":"center center","background-size":"auto","background-attachment":"scroll","background-type":"","background-media":"","overlay-type":"","overlay-color":"","overlay-gradient":""},"mobile":{"background-color":"var(--ast-global-color-5)","background-image":"","background-repeat":"repeat","background-position":"center center","background-size":"auto","background-attachment":"scroll","background-type":"","background-media":"","overlay-type":"","overlay-color":"","overlay-gradient":""}},"_glsr_average":0,"_glsr_ranking":0,"_glsr_reviews":0},"product_cat":[18],"product_tag":[],"_links":{"self":[{"href":"https:\/\/donvps2.bluecosmos.digital\/mayoreo\/wp-json\/wp\/v2\/product\/864"}],"collection":[{"href":"https:\/\/donvps2.bluecosmos.digital\/mayoreo\/wp-json\/wp\/v2\/product"}],"about":[{"href":"https:\/\/donvps2.bluecosmos.digital\/mayoreo\/wp-json\/wp\/v2\/types\/product"}],"replies":[{"embeddable":true,"href":"https:\/\/donvps2.bluecosmos.digital\/mayoreo\/wp-json\/wp\/v2\/comments?post=864"}],"wp:featuredmedia":[{"embeddable":true,"href":"https:\/\/donvps2.bluecosmos.digital\/mayoreo\/wp-json\/wp\/v2\/media\/865"}],"wp:attachment":[{"href":"https:\/\/donvps2.bluecosmos.digital\/mayoreo\/wp-json\/wp\/v2\/media?parent=864"}],"wp:term":[{"taxonomy":"product_cat","embeddable":true,"href":"https:\/\/donvps2.bluecosmos.digital\/mayoreo\/wp-json\/wp\/v2\/product_cat?post=864"},{"taxonomy":"product_tag","embeddable":true,"href":"https:\/\/donvps2.bluecosmos.digital\/mayoreo\/wp-json\/wp\/v2\/product_tag?post=864"}],"curies":[{"name":"wp","href":"https:\/\/api.w.org\/{rel}","templated":true}]}}